{"id":56,"date":"2024-05-03T08:45:13","date_gmt":"2024-05-03T08:45:13","guid":{"rendered":"https:\/\/dseaudio.com\/?page_id=56"},"modified":"2025-05-23T10:00:19","modified_gmt":"2025-05-23T09:00:19","slug":"serveis","status":"publish","type":"page","link":"https:\/\/dseaudio.com\/es\/serveis\/","title":{"rendered":"Servicios"},"content":{"rendered":"<div class=\"wpb-content-wrapper\"><div data-parent=\"true\" class=\"vc_row row-container tablet-hidden\" id=\"row-unique-0\"><div class=\"row single-top-padding no-bottom-padding no-h-padding limit-width row-parent\" data-height-ratio=\"11\"><div class=\"wpb_row row-inner\"><div class=\"wpb_column pos-top pos-center align_center column_parent col-lg-12 one-internal-gutter\"><div class=\"uncol style-light\"  ><div class=\"uncoltable\"><div class=\"uncell one-block-padding\" ><div class=\"uncont\" ><div class=\"divider-wrapper  zoom-out animate_when_almost_visible desktop-hidden tablet-hidden\"  >\n    <hr class=\"border-color-jevc-color separator-no-padding\"  \/>\n<\/div>\n<div class=\"vc_custom_heading_wrap\"><div class=\"heading-text el-text zoom-in animate_when_almost_visible\" ><h2 class=\"h2\" ><span><\/p><\/span><span><h3 style=\"text-align: center;\"><span class=\"font-359101\" style=\"font-family: Montserrat;\">SERVICIOS<\/span><\/h3><\/span><span><p><\/span><\/h2><\/div><div class=\"clear\"><\/div><\/div><div class=\"empty-space empty-half\" ><span class=\"empty-space-inner\"><\/span><\/div>\n<div class=\"divider-wrapper  zoom-out animate_when_almost_visible\"  >\n    <hr class=\"border-color-jevc-color separator-no-padding\"  \/>\n<\/div>\n<\/div><\/div><\/div><\/div><\/div><script id=\"script-row-unique-0\" data-row=\"script-row-unique-0\" type=\"text\/javascript\" class=\"vc_controls\">UNCODE.initRow(document.getElementById(\"row-unique-0\"));<\/script><\/div><\/div><\/div><div data-parent=\"true\" class=\"vc_row row-container\" style=\"z-index: 1;\" id=\"row-unique-1\"><div class=\"row double-top-padding double-bottom-padding single-h-padding limit-width row-parent\"><div class=\"wpb_row row-inner\"><div class=\"wpb_column pos-top pos-center align_left column_parent col-lg-12 double-internal-gutter\"><div class=\"uncol style-light\"  ><div class=\"uncoltable\"><div class=\"uncell\" ><div class=\"uncont no-block-padding col-custom-width\" style=\" max-width:900px;\" ><div class=\"vc_row row-internal row-container\"><div class=\"row unequal col-double-gutter row-child\"><div class=\"wpb_row row-inner\"><div class=\"wpb_column pos-top pos-center align_left column_child col-lg-6 col-md-33 single-internal-gutter\"><div class=\"uncol style-light\" ><div class=\"uncoltable\"><div class=\"uncell no-block-padding  unradius-sm\" ><div class=\"uncont\" ><div class=\"animate_when_almost_visible zoom-in icon-box icon-box-left\" ><div class=\"icon-box-icon fa-container\"><span class=\"text-accent-color btn-disable-hover\"><i class=\"fa fa-camera-video fa-4x fa-fw\"><\/i><\/span><\/div><div class=\"icon-box-content\"><div class=\"icon-box-heading icon-box-fa-4x\"><h3 class=\"h4\">Cobertura de eventos en directo<\/h3><\/div><p>Oferim una cobertura professional i din\u00e0mica en l&#8217;\u00e0mbit t\u00e8cnic d\u2019esdeveniments corporatius, concerts, confer\u00e8ncies i m\u00e9s i espectacles de tota mena.<\/p>\n<\/div><\/div><\/div><\/div><\/div><\/div><\/div><div class=\"wpb_column pos-top pos-center align_left column_child col-lg-6 col-md-33 single-internal-gutter\"><div class=\"uncol style-light\" ><div class=\"uncoltable\"><div class=\"uncell no-block-padding  unradius-sm\" ><div class=\"uncont\" ><div class=\"animate_when_almost_visible zoom-in icon-box icon-box-left\" ><div class=\"icon-box-icon fa-container\"><span class=\"text-accent-color btn-disable-hover\"><i class=\"fa fa-browser fa-4x fa-fw\"><\/i><\/span><\/div><div class=\"icon-box-content\"><div class=\"icon-box-heading icon-box-fa-4x\"><h3 class=\"h4\">Producci\u00f3n de eventos<\/h3><\/div><p>Portem a terme la planificaci\u00f3 i gesti\u00f3 d&#8217;actes corporatius i culturals. Coordinaci\u00f3 log\u00edstica, incloent-hi el muntatge i desmuntatge d&#8217;estructures aix\u00f2 com la supervisi\u00f3 i direcci\u00f3 t\u00e8cnica durant l&#8217;esdeveniment.<\/p>\n<\/div><\/div><\/div><\/div><\/div><\/div><\/div><\/div><\/div><\/div><div class=\"vc_row row-internal row-container\"><div class=\"row unequal col-double-gutter row-child\"><div class=\"wpb_row row-inner\"><div class=\"wpb_column pos-top pos-center align_left column_child col-lg-6 col-md-33 single-internal-gutter\"><div class=\"uncol style-light\" ><div class=\"uncoltable\"><div class=\"uncell no-block-padding  unradius-sm\" ><div class=\"uncont\" ><div class=\"animate_when_almost_visible zoom-in icon-box icon-box-left\" ><div class=\"icon-box-icon fa-container\"><span class=\"text-accent-color btn-disable-hover\"><i class=\"fa fa-code-fork fa-4x fa-fw\"><\/i><\/span><\/div><div class=\"icon-box-content\"><div class=\"icon-box-heading icon-box-fa-4x\"><h3 class=\"h4\">Alquiler de equipamiento<\/h3><\/div><p>Alquilamos equipamiento de sonido, iluminaci\u00f3n y v\u00eddeo.<\/p>\n<\/div><\/div><\/div><\/div><\/div><\/div><\/div><div class=\"wpb_column pos-top pos-center align_left column_child col-lg-6 col-md-33 single-internal-gutter\"><div class=\"uncol style-light\" ><div class=\"uncoltable\"><div class=\"uncell no-block-padding  unradius-sm\" ><div class=\"uncont\" ><div class=\"animate_when_almost_visible zoom-in icon-box icon-box-left\" ><div class=\"icon-box-icon fa-container\"><span class=\"text-accent-color btn-disable-hover\"><i class=\"fa fa-edit fa-4x fa-fw\"><\/i><\/span><\/div><div class=\"icon-box-content\"><div class=\"icon-box-heading icon-box-fa-4x\"><h3 class=\"h4\">Consultor\u00eda y asesoramiento<\/h3><\/div><p>Proporcionem assessorament professional en la conceptuaci\u00f3 i disseny d&#8217;espectacles, avaluem la viabilitat i planifiquem l&#8217;estrat\u00e8gia. An\u00e0lisis de costs i pressuposts.<\/p>\n<\/div><\/div><\/div><\/div><\/div><\/div><\/div><\/div><\/div><\/div><div class=\"vc_row row-internal row-container\"><div class=\"row unequal col-double-gutter row-child\"><div class=\"wpb_row row-inner\"><div class=\"wpb_column pos-top pos-center align_left column_child col-lg-6 col-md-33 single-internal-gutter\"><div class=\"uncol style-light\" ><div class=\"uncoltable\"><div class=\"uncell no-block-padding  unradius-sm\" ><div class=\"uncont\" ><div class=\"animate_when_almost_visible zoom-in icon-box icon-box-left\" ><div class=\"icon-box-icon fa-container\"><span class=\"text-accent-color btn-disable-hover\"><i class=\"fa fa-world-outline fa-4x fa-fw\"><\/i><\/span><\/div><div class=\"icon-box-content\"><div class=\"icon-box-heading icon-box-fa-4x\"><h3 class=\"h4\">Servicio de streaming<\/h3><\/div><p>Proporcionem contingut multim\u00e8dia en viu a trav\u00e9s d&#8217;Internet, permetent als usuaris accedir al contingut des de diversos dispositius i en diferents formats.<\/p>\n<\/div><\/div><\/div><\/div><\/div><\/div><\/div><div class=\"wpb_column pos-top pos-center align_left column_child col-lg-6 col-md-33 single-internal-gutter\"><div class=\"uncol style-light\" ><div class=\"uncoltable\"><div class=\"uncell no-block-padding  unradius-sm\" ><div class=\"uncont\" ><div class=\"animate_when_almost_visible zoom-in icon-box icon-box-left\" ><div class=\"icon-box-icon fa-container\"><span class=\"text-accent-color btn-disable-hover\"><i class=\"fa fa-paper-plane-o fa-4x fa-fw\"><\/i><\/span><\/div><div class=\"icon-box-content\"><div class=\"icon-box-heading icon-box-fa-4x\"><h3 class=\"h4\">Servicios a\u00e9reos<\/h3><\/div><p>Gravem el teu esdeveniment des de l&#8217;aire capturant imatges i v\u00eddeos \u00fanics incloents l&#8217;edici\u00f3 i postproducci\u00f3.<\/p>\n<\/div><\/div><\/div><\/div><\/div><\/div><\/div><\/div><\/div><\/div><\/div><\/div><\/div><\/div><\/div><script id=\"script-row-unique-1\" data-row=\"script-row-unique-1\" type=\"text\/javascript\" class=\"vc_controls\">UNCODE.initRow(document.getElementById(\"row-unique-1\"));<\/script><\/div><\/div><\/div><div data-parent=\"true\" class=\"vc_row row-container\" id=\"row-unique-2\"><div class=\"row no-top-padding single-bottom-padding single-h-padding full-width row-parent\"><div class=\"wpb_row row-inner\"><div class=\"wpb_column pos-top pos-center align_left column_parent col-lg-12 single-internal-gutter\"><div class=\"uncol style-light\"  ><div class=\"uncoltable\"><div class=\"uncell no-block-padding\" ><div class=\"uncont\" ><div class=\"divider-wrapper\"  >\n    <div class=\"divider divider-center-icon style-default\">\n                <div class=\"divider-icon icon-inactive\">\n            <i class=\"fa fa-dot-circle-o\"><\/i>\n        <\/div>\n            <\/div>\n<\/div>\n<\/div><\/div><\/div><\/div><\/div><script id=\"script-row-unique-2\" data-row=\"script-row-unique-2\" type=\"text\/javascript\" class=\"vc_controls\">UNCODE.initRow(document.getElementById(\"row-unique-2\"));<\/script><\/div><\/div><\/div><div data-parent=\"true\" class=\"vc_row row-letaral section-lateral row-horizontal-display overflow-hidden shape-bg additions row-container\" id=\"row-unique-3\"><div class=\"row unequal one-top-padding double-bottom-padding single-h-padding limit-width row-parent\"><div class=\"wpb_row row-inner\"><div class=\"wpb_column pos-middle pos-center align_center column_parent col-lg-12 single-internal-gutter\"><div class=\"uncol style-light\"  ><div class=\"uncoltable\"><div class=\"uncell no-block-padding\" ><div class=\"uncont\" ><div class=\"vc_row row-internal row-container\"><div class=\"row row-child\"><div class=\"wpb_row row-inner\"><div class=\"wpb_column pos-top pos-center align_center column_child col-lg-12 half-internal-gutter\"><div class=\"uncol style-light\" ><div class=\"uncoltable\"><div class=\"uncell no-block-padding\" ><div class=\"uncont\" style=\" max-width:804px;\" ><div class=\"vc_custom_heading_wrap\"><div class=\"heading-text el-text zoom-in animate_when_almost_visible\" ><\/p>\n<h2><span class=\"font-189054\" style=\"font-family: Montserrat;\"><strong>\u00bfPor qu\u00e9 elegirnos?<\/strong><\/span><\/h2>\n<p>\n<\/div><div class=\"clear\"><\/div><\/div><\/div><\/div><\/div><\/div><\/div><\/div><\/div><\/div><div class=\"empty-space empty-single\" ><span class=\"empty-space-inner\"><\/span><\/div>\n<div class=\"vc_row row-internal row-container\"><div class=\"row col-double-gutter row-child\"><div class=\"wpb_row row-inner\"><div class=\"wpb_column pos-top pos-center align_left align_center_mobile column_child col-lg-12 col-md-25 single-internal-gutter\"><div class=\"uncol style-light\" ><div class=\"uncoltable\"><div class=\"uncell no-block-padding\" ><div class=\"uncont\" ><div class=\"vc_custom_heading_wrap\"><div class=\"heading-text el-text zoom-in animate_when_almost_visible\" ><h3 class=\"h4 text-color-210407-color\" ><span><span class=\"font-377884\" style=\"font-family: Montserrat;\">Experiencia y creatividad<\/span><\/span><\/h3><div class=\"text-top-reduced\"><p>Con a\u00f1os de experiencia en la industria audiovisual, nuestro equipo sabe c\u00f3mo transformar conceptos en producciones visuales de alta calidad.<\/p>\n<\/div><\/div><div class=\"clear\"><\/div><\/div><div class=\"vc_custom_heading_wrap\"><div class=\"heading-text el-text zoom-in animate_when_almost_visible\" ><h3 class=\"h4 text-color-210407-color\" ><span><span style=\"font-family: Montserrat;\">Capacidad tecnol\u00f3gica<\/span><\/span><\/h3><div class=\"text-top-reduced\"><p>Utilizamos equipos y software de \u00faltima generaci\u00f3n para asegurar que cada proyecto tenga calidad cinematogr\u00e1fica.<\/p>\n<\/div><\/div><div class=\"clear\"><\/div><\/div><div class=\"vc_custom_heading_wrap\"><div class=\"heading-text el-text zoom-in animate_when_almost_visible\" ><h3 class=\"h4 text-color-210407-color\" ><span><span style=\"font-family: Montserrat;\">Enfoque personalizado<\/span><\/span><\/h3><div class=\"text-top-reduced\"><p>Trabajamos estrechamente con cada cliente para entender sus necesidades y objetivos, ofreciendo soluciones personalizadas que se ajusten a sus expectativas.<\/p>\n<\/div><\/div><div class=\"clear\"><\/div><\/div><div class=\"vc_custom_heading_wrap\"><div class=\"heading-text el-text zoom-in animate_when_almost_visible\" ><h3 class=\"h4 text-color-210407-color\" ><span><span style=\"font-family: Montserrat;\">Compromiso y profesionalidad<\/span><\/span><\/h3><div class=\"text-top-reduced\"><p>Mantenemos altos est\u00e1ndares de calidad en todo momento.<\/p>\n<\/div><\/div><div class=\"clear\"><\/div><\/div><\/div><\/div><\/div><\/div><\/div><\/div><\/div><\/div><\/div><\/div><\/div><\/div><\/div><script id=\"script-row-unique-3\" data-row=\"script-row-unique-3\" type=\"text\/javascript\" class=\"vc_controls\">UNCODE.initRow(document.getElementById(\"row-unique-3\"));<\/script><\/div><\/div><\/div>\n<\/div>","protected":false},"excerpt":{"rendered":"SERVEIS Cobertura d\u2019esdeveniments en directeOferim una cobertura professional i din\u00e0mica en l'\u00e0mbit t\u00e8cnic d\u2019esdeveniments corporatius, concerts, confer\u00e8ncies i m\u00e9s i [...]","protected":false},"author":3,"featured_media":0,"parent":0,"menu_order":0,"comment_status":"closed","ping_status":"closed","template":"","meta":{"footnotes":""},"class_list":["post-56","page","type-page","status-publish","hentry","page_category-dseaudio"],"_links":{"self":[{"href":"https:\/\/dseaudio.com\/es\/wp-json\/wp\/v2\/pages\/56","targetHints":{"allow":["GET"]}}],"collection":[{"href":"https:\/\/dseaudio.com\/es\/wp-json\/wp\/v2\/pages"}],"about":[{"href":"https:\/\/dseaudio.com\/es\/wp-json\/wp\/v2\/types\/page"}],"author":[{"embeddable":true,"href":"https:\/\/dseaudio.com\/es\/wp-json\/wp\/v2\/users\/3"}],"replies":[{"embeddable":true,"href":"https:\/\/dseaudio.com\/es\/wp-json\/wp\/v2\/comments?post=56"}],"version-history":[{"count":89,"href":"https:\/\/dseaudio.com\/es\/wp-json\/wp\/v2\/pages\/56\/revisions"}],"predecessor-version":[{"id":131747,"href":"https:\/\/dseaudio.com\/es\/wp-json\/wp\/v2\/pages\/56\/revisions\/131747"}],"wp:attachment":[{"href":"https:\/\/dseaudio.com\/es\/wp-json\/wp\/v2\/media?parent=56"}],"curies":[{"name":"wp","href":"https:\/\/api.w.org\/{rel}","templated":true}]}}