{"id":131661,"date":"2024-05-24T11:32:48","date_gmt":"2024-05-24T10:32:48","guid":{"rendered":"https:\/\/dseaudio.com\/?page_id=131661"},"modified":"2024-05-24T11:52:47","modified_gmt":"2024-05-24T10:52:47","slug":"politica-de-privacitat","status":"publish","type":"page","link":"https:\/\/dseaudio.com\/es\/politica-de-privacitat\/","title":{"rendered":"Pol\u00edtica de privacidad"},"content":{"rendered":"<div class=\"wpb-content-wrapper\"><div data-parent=\"true\" class=\"vc_row row-container\" id=\"row-unique-0\"><div class=\"row single-top-padding one-bottom-padding single-h-padding limit-width row-parent\"><div class=\"wpb_row row-inner\"><div class=\"wpb_column pos-top pos-center align_left column_parent col-lg-12 single-internal-gutter\"><div class=\"uncol style-light\"  ><div class=\"uncoltable\"><div class=\"uncell no-block-padding\" ><div class=\"uncont\" ><div class=\"vc_custom_heading_wrap\"><div class=\"heading-text el-text\" ><h2 class=\"h2\" ><span><\/p><\/span><span><h2 style=\"text-align: center;\">Pol\u00edtica de Privacidad<\/h2><\/span><span><p><\/span><\/h2><\/div><div class=\"clear\"><\/div><\/div><\/div><\/div><\/div><\/div><\/div><script id=\"script-row-unique-0\" data-row=\"script-row-unique-0\" type=\"text\/javascript\" class=\"vc_controls\">UNCODE.initRow(document.getElementById(\"row-unique-0\"));<\/script><\/div><\/div><\/div><div data-parent=\"true\" class=\"vc_row row-container\" id=\"row-unique-1\"><div class=\"row single-top-padding double-bottom-padding single-h-padding limit-width row-parent\"><div class=\"wpb_row row-inner\"><div class=\"wpb_column pos-top pos-center align_left column_parent col-lg-12 single-internal-gutter\"><div class=\"uncol style-light\"  ><div class=\"uncoltable\"><div class=\"uncell no-block-padding\" ><div class=\"uncont\" ><div class=\"uncode_text_column\" ><p>En DSE audio, nos comprometemos a proteger la privacidad de nuestros usuarios y clientes. Esta pol\u00edtica de privacidad explica c\u00f3mo recopilamos, utilizamos, compartimos y protegemos tus datos personales cuando visitas nuestro sitio web <a href=\"http:\/\/www.exemple.com\/\" target=\"_new\" rel=\"noreferrer noopener\">www.dseaudio.com<\/a>\u00a0y utilizas nuestros servicios.<\/p>\n<\/div><div class=\"vc_custom_heading_wrap\"><div class=\"heading-text el-text\" ><\/p>\n<h3>Responsable del Tratamiento<\/h3>\n<p>\n<\/div><div class=\"clear\"><\/div><\/div><div class=\"uncode_text_column\" ><p>El responsable del tratamiento de los datos personales recogidos a trav\u00e9s de este sitio web es DSE audio, con CIF J64753056 y domicilio en C\/ Angel Guimer\u00e0 47. Puedes contactarnos a trav\u00e9s del correo electr\u00f3nico info@dseaudio.com o al tel\u00e9fono 630 54 41 55.<\/p>\n<\/div><div class=\"vc_custom_heading_wrap\"><div class=\"heading-text el-text\" ><\/p>\n<h3>Datos que Recogemos<\/h3>\n<p>\n<\/div><div class=\"clear\"><\/div><\/div><div class=\"uncode_text_column\" ><p>Los datos personales que podemos recoger incluyen:<\/p>\n<ul>\n<li><strong>Informaci\u00f3n de Contacto<\/strong>: Nombre, direcci\u00f3n de correo electr\u00f3nico, n\u00famero de tel\u00e9fono.<\/li>\n<li><strong>Informaci\u00f3n Demogr\u00e1fica<\/strong>: Edad, sexo, localizaci\u00f3n.<\/li>\n<li><strong>Datos de Navegaci\u00f3n<\/strong>: Direcci\u00f3n IP, tipos de navegador, idioma, horas de acceso, URL de donde proviene, informaci\u00f3n sobre las p\u00e1ginas visitadas y las acciones realizadas en nuestro sitio web.<\/li>\n<li><strong>Informaci\u00f3n Financiera<\/strong>: Detalles de pago y transacci\u00f3n cuando adquieres nuestros servicios o productos.<\/li>\n<\/ul>\n<p>\n<\/div><div class=\"vc_custom_heading_wrap\"><div class=\"heading-text el-text\" ><\/p>\n<h3>Finalidades del Tratamiento<\/h3>\n<p>\n<\/div><div class=\"clear\"><\/div><\/div><div class=\"uncode_text_column\" ><p>Tus datos personales pueden ser utilizados para las siguientes finalidades:<\/p>\n<ol>\n<li><strong>Proporcionar Servicios<\/strong>: Para procesar tus pedidos, gestionar tu relaci\u00f3n comercial con nosotros y proporcionar los servicios solicitados.<\/li>\n<li><strong>Comunicaciones<\/strong>: Para enviarte comunicaciones sobre nuestros productos, servicios, ofertas especiales y eventos que puedan ser de tu inter\u00e9s.<\/li>\n<li><strong>Mejorar Nuestro Servicio<\/strong>: Para analizar el uso de nuestro sitio web y nuestros servicios, comprender tus necesidades y preferencias, y mejorar nuestros productos y servicios.<\/li>\n<li><strong>Cumplimiento Legal<\/strong>: Para cumplir con nuestras obligaciones legales y reglamentarias.<\/li>\n<\/ol>\n<p>\n<\/div><div class=\"vc_custom_heading_wrap\"><div class=\"heading-text el-text\" ><\/p>\n<h3>Base Legal para el Tratamiento<\/h3>\n<p>\n<\/div><div class=\"clear\"><\/div><\/div><div class=\"uncode_text_column\" ><p>La base legal para el tratamiento de tus datos personales es:<\/p>\n<ul>\n<li><strong>Ejecuci\u00f3n de un Contrato<\/strong>: Cuando el tratamiento es necesario para la ejecuci\u00f3n de un contrato en el que el interesado es parte o para la aplicaci\u00f3n de medidas precontractuales.<\/li>\n<li><strong>Consentimiento<\/strong>: Cuando has dado tu consentimiento para el tratamiento de tus datos personales para una o varias finalidades espec\u00edficas.<\/li>\n<li><strong>Inter\u00e9s Leg\u00edtimo<\/strong>: Cuando el tratamiento es necesario para la satisfacci\u00f3n de intereses leg\u00edtimos perseguidos por nosotros o por un tercero, siempre que sobre estos intereses no prevalezcan tus derechos y libertades fundamentales.<\/li>\n<\/ul>\n<p>\n<\/div><div class=\"vc_custom_heading_wrap\"><div class=\"heading-text el-text\" ><\/p>\n<h3>Compartici\u00f3n de Tus Datos<\/h3>\n<p>\n<\/div><div class=\"clear\"><\/div><\/div><div class=\"uncode_text_column\" ><p>No vendemos, alquilamos ni cedemos tus datos personales a terceros, excepto en los siguientes casos:<\/p>\n<ul>\n<li><strong>Proveedores de Servicios<\/strong>: Podemos compartir tus datos con proveedores de servicios que nos ayuden en nuestras operaciones comerciales tales como procesadores de pagos, empresas de mensajer\u00eda, servicios de marketing y anal\u00edtica.<\/li>\n<li><strong>Obligaciones Legales<\/strong>: Podemos divulgar tus datos personales cuando as\u00ed lo requiera la ley o para responder a procesos legales.<\/li>\n<li><strong>Fusi\u00f3n o Adquisici\u00f3n<\/strong>: En caso de que nuestra empresa sea adquirida o se fusione con otra empresa, tus datos personales pueden ser transferidos a nuevos propietarios.<\/li>\n<\/ul>\n<p>\n<\/div><div class=\"vc_custom_heading_wrap\"><div class=\"heading-text el-text\" ><\/p>\n<h3>Conservaci\u00f3n de los Datos<\/h3>\n<p>\n<\/div><div class=\"clear\"><\/div><\/div><div class=\"uncode_text_column\" ><p>Tus datos personales se conservar\u00e1n durante el tiempo necesario para cumplir con los fines para los que fueron recogidos, as\u00ed como para cumplir con las obligaciones legales aplicables, responder a reclamaciones y proteger nuestros derechos legales.<\/p>\n<\/div><div class=\"vc_custom_heading_wrap\"><div class=\"heading-text el-text\" ><\/p>\n<h3>Derechos de los Usuarios<\/h3>\n<p>\n<\/div><div class=\"clear\"><\/div><\/div><div class=\"uncode_text_column\" ><p>Tienes derecho a acceder, rectificar, suprimir, oponerte, limitar el tratamiento y solicitar la portabilidad de tus datos personales. Para ejercitar estos derechos, puedes contactarnos a trav\u00e9s del correo electr\u00f3nico info@dseaudio.com o al tel\u00e9fono 630 54 41 55. Tambi\u00e9n tienes derecho a presentar una reclamaci\u00f3n ante la autoridad de control competente.<\/p>\n<\/div><div class=\"vc_custom_heading_wrap\"><div class=\"heading-text el-text\" ><\/p>\n<h3>Seguridad de los Datos<\/h3>\n<p>\n<\/div><div class=\"clear\"><\/div><\/div><div class=\"uncode_text_column\" ><p>Implementamos medidas t\u00e9cnicas y organizativas adecuadas para proteger tus datos personales contra la p\u00e9rdida, uso indebido, acceso no autorizado, divulgaci\u00f3n, alteraci\u00f3n y destrucci\u00f3n. Sin embargo, a pesar de nuestros esfuerzos por proteger tus datos, ning\u00fan sistema de seguridad es infalible.<\/p>\n<\/div><div class=\"empty-space empty-single\" ><span class=\"empty-space-inner\"><\/span><\/div>\n<div class=\"uncode_text_column\" ><p>\u00daltima actualizaci\u00f3n: 24\/05\/2024<\/p>\n<\/div><\/div><\/div><\/div><\/div><\/div><script id=\"script-row-unique-1\" data-row=\"script-row-unique-1\" type=\"text\/javascript\" class=\"vc_controls\">UNCODE.initRow(document.getElementById(\"row-unique-1\"));<\/script><\/div><\/div><\/div>\n<\/div>","protected":false},"excerpt":{"rendered":"Pol\u00edtica de PrivacitatA DSE audio, ens comprometem a protegir la privacitat dels nostres usuaris i clients. Aquesta pol\u00edtica de privacitat [...]","protected":false},"author":3,"featured_media":0,"parent":0,"menu_order":0,"comment_status":"closed","ping_status":"closed","template":"","meta":{"footnotes":""},"class_list":["post-131661","page","type-page","status-publish","hentry","page_category-dseaudio"],"_links":{"self":[{"href":"https:\/\/dseaudio.com\/es\/wp-json\/wp\/v2\/pages\/131661","targetHints":{"allow":["GET"]}}],"collection":[{"href":"https:\/\/dseaudio.com\/es\/wp-json\/wp\/v2\/pages"}],"about":[{"href":"https:\/\/dseaudio.com\/es\/wp-json\/wp\/v2\/types\/page"}],"author":[{"embeddable":true,"href":"https:\/\/dseaudio.com\/es\/wp-json\/wp\/v2\/users\/3"}],"replies":[{"embeddable":true,"href":"https:\/\/dseaudio.com\/es\/wp-json\/wp\/v2\/comments?post=131661"}],"version-history":[{"count":4,"href":"https:\/\/dseaudio.com\/es\/wp-json\/wp\/v2\/pages\/131661\/revisions"}],"predecessor-version":[{"id":131669,"href":"https:\/\/dseaudio.com\/es\/wp-json\/wp\/v2\/pages\/131661\/revisions\/131669"}],"wp:attachment":[{"href":"https:\/\/dseaudio.com\/es\/wp-json\/wp\/v2\/media?parent=131661"}],"curies":[{"name":"wp","href":"https:\/\/api.w.org\/{rel}","templated":true}]}}