{"id":131656,"date":"2024-05-24T11:20:13","date_gmt":"2024-05-24T10:20:13","guid":{"rendered":"https:\/\/dseaudio.com\/?page_id=131656"},"modified":"2024-05-24T11:52:04","modified_gmt":"2024-05-24T10:52:04","slug":"avis-legal","status":"publish","type":"page","link":"https:\/\/dseaudio.com\/es\/avis-legal\/","title":{"rendered":"Aviso legal"},"content":{"rendered":"<div class=\"wpb-content-wrapper\"><div data-parent=\"true\" class=\"vc_row row-container\" id=\"row-unique-0\"><div class=\"row single-top-padding one-bottom-padding single-h-padding limit-width row-parent\"><div class=\"wpb_row row-inner\"><div class=\"wpb_column pos-top pos-center align_left column_parent col-lg-12 single-internal-gutter\"><div class=\"uncol style-light\"  ><div class=\"uncoltable\"><div class=\"uncell no-block-padding\" ><div class=\"uncont\" ><div class=\"vc_custom_heading_wrap\"><div class=\"heading-text el-text\" ><h2 class=\"h2\" ><span><\/p><\/span><span><h2 style=\"text-align: center;\">Aviso legal<\/h2><\/span><span><p><\/span><\/h2><\/div><div class=\"clear\"><\/div><\/div><div class=\"uncode_text_column\" ><p><strong>LEY DE LOS SERVICIOS DE LA SOCIEDAD DE LA INFORMACI\u00d3N (LSSI)<\/strong><\/p>\n<\/div><\/div><\/div><\/div><\/div><\/div><script id=\"script-row-unique-0\" data-row=\"script-row-unique-0\" type=\"text\/javascript\" class=\"vc_controls\">UNCODE.initRow(document.getElementById(\"row-unique-0\"));<\/script><\/div><\/div><\/div><div data-parent=\"true\" class=\"vc_row row-container\" id=\"row-unique-1\"><div class=\"row single-top-padding double-bottom-padding single-h-padding limit-width row-parent\"><div class=\"wpb_row row-inner\"><div class=\"wpb_column pos-top pos-center align_left column_parent col-lg-12 single-internal-gutter\"><div class=\"uncol style-light\"  ><div class=\"uncoltable\"><div class=\"uncell no-block-padding\" ><div class=\"uncont\" ><div class=\"uncode_text_column\" ><p>Este aviso legal regula el uso del sitio web <a href=\"http:\/\/www.exemple.com\/\" target=\"_new\" rel=\"noreferrer noopener\">www.dseaudio.com<\/a>, propiedad de DSE AUDIO SCP, con CIF J64753056 y domicilio en Pineda de Mar.<\/p>\n<\/div><div class=\"vc_custom_heading_wrap\"><div class=\"heading-text el-text\" ><\/p>\n<h3>Acceptaci\u00f3 de les Condicions d&#8217;\u00das<\/h3>\n<p>\n<\/div><div class=\"clear\"><\/div><\/div><div class=\"uncode_text_column\" ><p>El acceso y navegaci\u00f3n por este sitio web, as\u00ed como la utilizaci\u00f3n de sus servicios, implican la plena aceptaci\u00f3n y sin reservas de todas las condiciones incluidas en este aviso legal. Si no est\u00e1s de acuerdo con alguna de las condiciones, no debes utilizar este sitio web.<\/p>\n<\/div><div class=\"vc_custom_heading_wrap\"><div class=\"heading-text el-text\" ><\/p>\n<h3>Propiedad Intelectual e Industrial<\/h3>\n<p>\n<\/div><div class=\"clear\"><\/div><\/div><div class=\"uncode_text_column\" ><p>Los contenidos de este sitio web, incluyendo, entre otros, im\u00e1genes, logotipos, gr\u00e1ficos, animaciones, textos o aplicaciones inform\u00e1ticas, cualquiera que sea su formato, lenguaje de programaci\u00f3n y forma de representaci\u00f3n, as\u00ed como el dominio <a href=\"http:\/\/www.exemple.com\/\" target=\"_new\" rel=\"noreferrer noopener\">www.dseaudio.com<\/a>, son propiedad de DSE AUDIO SCP o ha adquirido los derechos correspondientes de sus propietarios, y est\u00e1n protegidos por las leyes y tratados internacionales en materia de propiedad intelectual y, en su caso, industrial, as\u00ed como por la normativa que regula los nombres de dominio.<\/p>\n<p>Queda prohibida cualquier forma de reproducci\u00f3n, distribuci\u00f3n, comunicaci\u00f3n p\u00fablica, transformaci\u00f3n, puesta a disposici\u00f3n del p\u00fablico o cualquier otro acto de explotaci\u00f3n no autorizado expresamente por el titular de los derechos de explotaci\u00f3n.<\/p>\n<\/div><div class=\"vc_custom_heading_wrap\"><div class=\"heading-text el-text\" ><\/p>\n<h3>Condicions d&#8217;\u00das del Lloc Web<\/h3>\n<p>\n<\/div><div class=\"clear\"><\/div><\/div><div class=\"uncode_text_column\" ><\/p>\n<ol>\n<li><strong>Uso Adecuado<\/strong>: El usuario se compromete a utilizar el sitio web, los contenidos y servicios de acuerdo con la Ley, este aviso legal, las buenas pr\u00e1cticas y el orden p\u00fablico. El usuario se abstendr\u00e1 de utilizar cualquiera de los servicios con fines o efectos il\u00edcitos, prohibidos o lesivos de los derechos e intereses de terceros.<\/li>\n<li><strong>Veracidad de las Informaciones<\/strong>: El usuario garantiza la autenticidad y veracidad de todos los datos que comunique a trav\u00e9s de los formularios que se incorporan al sitio web y es responsable de actualizar la informaci\u00f3n suministrada, de forma que refleje su situaci\u00f3n real. El usuario ser\u00e1 responsable de las manifestaciones falsas o inexactas que realice y de los perjuicios que cause al titular del sitio web oa terceros por la informaci\u00f3n que proporcione.<\/li>\n<li><strong>Prohibici\u00f3n de Usos Lesivos<\/strong>: El usuario se compromete a no introducir programas, virus, macros, applets, controles ActiveX o cualquier otro dispositivo l\u00f3gico o secuencia de caracteres que causen o sean susceptibles de causar cualquier tipo de alteraci\u00f3n en los sistemas inform\u00e1ticos del titular del sitio web o de terceros.<\/li>\n<\/ol>\n<p>\n<\/div><div class=\"vc_custom_heading_wrap\"><div class=\"heading-text el-text\" ><\/p>\n<h3>Responsabilidad<\/h3>\n<p>\n<\/div><div class=\"clear\"><\/div><\/div><div class=\"uncode_text_column\" ><p>DSE audio no se hace responsable de los da\u00f1os o perjuicios derivados del acceso, uso o mala utilizaci\u00f3n de los contenidos del sitio web. Aunque se toman medidas adecuadas para evitar errores y posibles da\u00f1os, no se garantiza la disponibilidad ininterrumpida del sitio web, ni la inexistencia de errores en los contenidos.<\/p>\n<\/div><div class=\"vc_custom_heading_wrap\"><div class=\"heading-text el-text\" ><\/p>\n<h3>Enlaces a Terceros<\/h3>\n<p>\n<\/div><div class=\"clear\"><\/div><\/div><div class=\"uncode_text_column\" ><p>Este sitio web puede contener enlaces a otros sitios web gestionados por terceros. DSE audio no controla ni ejerce ning\u00fan tipo de supervisi\u00f3n sobre estos sitios y no es responsable de sus contenidos ni de las medidas de privacidad que adopten.<\/p>\n<\/div><div class=\"vc_custom_heading_wrap\"><div class=\"heading-text el-text\" ><\/p>\n<h3>Protecci\u00f3n de Datos Personales<\/h3>\n<p>\n<\/div><div class=\"clear\"><\/div><\/div><div class=\"uncode_text_column\" ><p>Los datos personales recogidos a trav\u00e9s de este sitio web ser\u00e1n tratados de acuerdo con nuestra pol\u00edtica de privacidad, que puedes consultar <a href=\"https:\/\/dseaudio.com\/es\/politica-de-privacitat\/\">aqu\u00ed<\/a>.<\/p>\n<\/div><div class=\"vc_custom_heading_wrap\"><div class=\"heading-text el-text\" ><\/p>\n<h3>Legislaci\u00f3n y Jurisdicci\u00f3n Aplicable<\/h3>\n<p>\n<\/div><div class=\"clear\"><\/div><\/div><div class=\"uncode_text_column\" ><p>Las condiciones de este aviso legal se rigen por la legislaci\u00f3n espa\u00f1ola. Para la resoluci\u00f3n de cualquier conflicto que pudiera surgir con motivo del acceso al sitio web, el usuario y DSE audio acuerdan someterse expresamente a los juzgados y tribunales, con renuncia a cualquier otro fuero general o especial que pudiera corresponderles.<\/p>\n<\/div><\/div><\/div><\/div><\/div><\/div><script id=\"script-row-unique-1\" data-row=\"script-row-unique-1\" type=\"text\/javascript\" class=\"vc_controls\">UNCODE.initRow(document.getElementById(\"row-unique-1\"));<\/script><\/div><\/div><\/div>\n<\/div>","protected":false},"excerpt":{"rendered":"Av\u00eds legalLLEI DELS SERVEIS DE LA SOCIETAT DE LA INFORMACI\u00d3 (LSSI) Aquest av\u00eds legal regula l&#8217;\u00fas del lloc web www.dseaudio.com, [...]","protected":false},"author":3,"featured_media":0,"parent":0,"menu_order":0,"comment_status":"closed","ping_status":"closed","template":"","meta":{"footnotes":""},"class_list":["post-131656","page","type-page","status-publish","hentry","page_category-dseaudio"],"_links":{"self":[{"href":"https:\/\/dseaudio.com\/es\/wp-json\/wp\/v2\/pages\/131656","targetHints":{"allow":["GET"]}}],"collection":[{"href":"https:\/\/dseaudio.com\/es\/wp-json\/wp\/v2\/pages"}],"about":[{"href":"https:\/\/dseaudio.com\/es\/wp-json\/wp\/v2\/types\/page"}],"author":[{"embeddable":true,"href":"https:\/\/dseaudio.com\/es\/wp-json\/wp\/v2\/users\/3"}],"replies":[{"embeddable":true,"href":"https:\/\/dseaudio.com\/es\/wp-json\/wp\/v2\/comments?post=131656"}],"version-history":[{"count":7,"href":"https:\/\/dseaudio.com\/es\/wp-json\/wp\/v2\/pages\/131656\/revisions"}],"predecessor-version":[{"id":131667,"href":"https:\/\/dseaudio.com\/es\/wp-json\/wp\/v2\/pages\/131656\/revisions\/131667"}],"wp:attachment":[{"href":"https:\/\/dseaudio.com\/es\/wp-json\/wp\/v2\/media?parent=131656"}],"curies":[{"name":"wp","href":"https:\/\/api.w.org\/{rel}","templated":true}]}}