{"id":131603,"date":"2024-05-24T09:42:50","date_gmt":"2024-05-24T08:42:50","guid":{"rendered":"https:\/\/dseaudio.com\/?page_id=131603"},"modified":"2024-05-24T11:52:35","modified_gmt":"2024-05-24T10:52:35","slug":"politica-de-cookies","status":"publish","type":"page","link":"https:\/\/dseaudio.com\/es\/politica-de-cookies\/","title":{"rendered":"Pol\u00edtica de cookies"},"content":{"rendered":"<div class=\"wpb-content-wrapper\"><div data-parent=\"true\" class=\"vc_row row-container\" id=\"row-unique-0\"><div class=\"row single-top-padding one-bottom-padding single-h-padding limit-width row-parent\"><div class=\"wpb_row row-inner\"><div class=\"wpb_column pos-top pos-center align_left column_parent col-lg-12 single-internal-gutter\"><div class=\"uncol style-light\"  ><div class=\"uncoltable\"><div class=\"uncell no-block-padding\" ><div class=\"uncont\" ><div class=\"vc_custom_heading_wrap\"><div class=\"heading-text el-text\" ><h2 class=\"h2\" ><span><\/p><\/span><span><h2 style=\"text-align: center;\">Pol\u00edtica de cookies<\/h2><\/span><span><p><\/span><\/h2><\/div><div class=\"clear\"><\/div><\/div><\/div><\/div><\/div><\/div><\/div><script id=\"script-row-unique-0\" data-row=\"script-row-unique-0\" type=\"text\/javascript\" class=\"vc_controls\">UNCODE.initRow(document.getElementById(\"row-unique-0\"));<\/script><\/div><\/div><\/div><div data-parent=\"true\" class=\"vc_row row-container\" id=\"row-unique-1\"><div class=\"row single-top-padding double-bottom-padding single-h-padding limit-width row-parent\"><div class=\"wpb_row row-inner\"><div class=\"wpb_column pos-top pos-center align_left column_parent col-lg-12 single-internal-gutter\"><div class=\"uncol style-light\"  ><div class=\"uncoltable\"><div class=\"uncell no-block-padding\" ><div class=\"uncont\" ><div class=\"uncode_text_column\" ><p>Debido a la entrada en vigor de la modificaci\u00f3n referente de la Ley de Servicios de la Sociedad de la Informaci\u00f3n (LSSICE) establecida por el Real Decreto 13\/2012, es de obligaci\u00f3n obtener el consentimiento expreso del usuario de todas las p\u00e1ginas web que usan cookies prescindibles, antes de que \u00e9ste navegue por ellas.<\/p>\n<\/div><div class=\"vc_custom_heading_wrap\"><div class=\"heading-text el-text\" ><\/p>\n<h3>\u00bfQu\u00e9 son las Cookies?<\/h3>\n<p>\n<\/div><div class=\"clear\"><\/div><\/div><div class=\"uncode_text_column\" ><p>Las cookies son peque\u00f1os archivos de texto que se almacenan en tu dispositivo (ordenador, tableta, smartphone) cuando visitas un sitio web. Las cookies permiten que un sitio web recuerde tus acciones y preferencias (como el inicio de sesi\u00f3n, el idioma, el tama\u00f1o de la fuente y otras preferencias de visualizaci\u00f3n) durante un per\u00edodo de tiempo, de modo que no tengas que volver a configurarlas cada vez que vuelvas al sitio o navegues de una p\u00e1gina a otra.<\/p>\n<\/div><div class=\"vc_custom_heading_wrap\"><div class=\"heading-text el-text\" ><\/p>\n<h3>Tipo de Cookies que Utilizamos<\/h3>\n<p>\n<\/div><div class=\"clear\"><\/div><\/div><div class=\"uncode_text_column\" ><\/p>\n<ol>\n<li><strong>Cookies Esenciales<\/strong>: Son necesarias para el funcionamiento del sitio web y no se pueden desactivar en nuestros sistemas. Estas cookies suelen configurarse en respuesta a acciones realizadas por ti, como establecer tus preferencias de privacidad, iniciar sesi\u00f3n o cumplimentar formularios.<\/li>\n<li><strong>Cookies de Rendimiento<\/strong>: Nos permiten contar las visitas y fuentes de tr\u00e1fico para poder medir y mejorar el rendimiento de nuestro sitio. Nos ayudan a saber qu\u00e9 p\u00e1ginas son las m\u00e1s y menos populares y c\u00f3mo los visitantes se mueven por el sitio.<\/li>\n<li><strong>Cookies Funcionales<\/strong>: Estas cookies permiten que el sitio web proporcione una mejor funcionalidad y personalizaci\u00f3n. Pueden ser establecidas por nosotros o por proveedores externos cuyos servicios hemos a\u00f1adido a nuestras p\u00e1ginas.<\/li>\n<li><strong>Cookies de Publicidad<\/strong>: Estas cookies pueden ser establecidas a trav\u00e9s de nuestro sitio por nuestros socios publicitarios. Pueden ser utilizadas por estas empresas para crear un perfil de tus intereses y mostrar anuncios relevantes en otros sitios.<\/li>\n<\/ol>\n<p>\n<\/div><div class=\"vc_custom_heading_wrap\"><div class=\"heading-text el-text\" ><\/p>\n<h3>\u00bfC\u00f3mo gestionar las cookies?<\/h3>\n<p>\n<\/div><div class=\"clear\"><\/div><\/div><div class=\"uncode_text_column\" ><p>Tienes derecho a decidir si aceptas o rechazas las cookies. Puedes ejercer tus preferencias en relaci\u00f3n a las cookies configurando las opciones de tu navegador. A continuaci\u00f3n se indican enlaces a las p\u00e1ginas de ayuda de los navegadores m\u00e1s populares, donde se explica c\u00f3mo gestionar cookies:<\/p>\n<ul>\n<li><a target=\"_new\" rel=\"noreferrer noopener\">Google Chrome<\/a><\/li>\n<li><a href=\"https:\/\/support.mozilla.org\/ca\/kb\/Galetes-informacio-que-els-llocs-web-emmagatzemen-al-teu-ordinador\" target=\"_new\" rel=\"noreferrer noopener\">Mozilla Firefox<\/a><\/li>\n<li><a href=\"https:\/\/support.apple.com\/ca-es\/guide\/safari\/sfri11471\/mac\" target=\"_new\" rel=\"noreferrer noopener\">Safari<\/a><\/li>\n<li><a href=\"https:\/\/support.microsoft.com\/ca-es\/microsoft-edge\/borrar-les-cookies-en-microsoft-edge-63947406-40ac-c3b8-57b9-2a946a29ae09\" target=\"_new\" rel=\"noreferrer noopener\">Microsoft Edge<\/a><\/li>\n<\/ul>\n<p>\n<\/div><div class=\"vc_custom_heading_wrap\"><div class=\"heading-text el-text\" ><\/p>\n<h3>Cambios en esta Pol\u00edtica de Cookies<\/h3>\n<p>\n<\/div><div class=\"clear\"><\/div><\/div><div class=\"uncode_text_column\" ><p>Podemos actualizar nuestra pol\u00edtica de cookies de vez en cuando para reflejar cambios en nuestras pr\u00e1cticas o por otras razones operativas, legales o reglamentarias. Te recomendamos que revises esta pol\u00edtica peri\u00f3dicamente por estar informado sobre nuestro uso de cookies y tecnolog\u00edas relacionadas.<\/p>\n<\/div><\/div><\/div><\/div><\/div><\/div><script id=\"script-row-unique-1\" data-row=\"script-row-unique-1\" type=\"text\/javascript\" class=\"vc_controls\">UNCODE.initRow(document.getElementById(\"row-unique-1\"));<\/script><\/div><\/div><\/div>\n<\/div>","protected":false},"excerpt":{"rendered":"Pol\u00edtica de cookiesA causa de l&#8217;entrada en vigor de la modificaci\u00f3 referent de la Llei de Serveis de la Societat [...]","protected":false},"author":3,"featured_media":0,"parent":0,"menu_order":0,"comment_status":"closed","ping_status":"closed","template":"","meta":{"footnotes":""},"class_list":["post-131603","page","type-page","status-publish","hentry","page_category-dseaudio"],"_links":{"self":[{"href":"https:\/\/dseaudio.com\/es\/wp-json\/wp\/v2\/pages\/131603","targetHints":{"allow":["GET"]}}],"collection":[{"href":"https:\/\/dseaudio.com\/es\/wp-json\/wp\/v2\/pages"}],"about":[{"href":"https:\/\/dseaudio.com\/es\/wp-json\/wp\/v2\/types\/page"}],"author":[{"embeddable":true,"href":"https:\/\/dseaudio.com\/es\/wp-json\/wp\/v2\/users\/3"}],"replies":[{"embeddable":true,"href":"https:\/\/dseaudio.com\/es\/wp-json\/wp\/v2\/comments?post=131603"}],"version-history":[{"count":23,"href":"https:\/\/dseaudio.com\/es\/wp-json\/wp\/v2\/pages\/131603\/revisions"}],"predecessor-version":[{"id":131668,"href":"https:\/\/dseaudio.com\/es\/wp-json\/wp\/v2\/pages\/131603\/revisions\/131668"}],"wp:attachment":[{"href":"https:\/\/dseaudio.com\/es\/wp-json\/wp\/v2\/media?parent=131603"}],"curies":[{"name":"wp","href":"https:\/\/api.w.org\/{rel}","templated":true}]}}