{"id":131656,"date":"2024-05-24T11:20:13","date_gmt":"2024-05-24T10:20:13","guid":{"rendered":"https:\/\/dseaudio.com\/?page_id=131656"},"modified":"2024-05-24T11:52:04","modified_gmt":"2024-05-24T10:52:04","slug":"avis-legal","status":"publish","type":"page","link":"https:\/\/dseaudio.com\/ca\/avis-legal\/","title":{"rendered":"Av\u00eds legal"},"content":{"rendered":"<div class=\"wpb-content-wrapper\"><div data-parent=\"true\" class=\"vc_row row-container\" id=\"row-unique-0\"><div class=\"row single-top-padding one-bottom-padding single-h-padding limit-width row-parent\"><div class=\"wpb_row row-inner\"><div class=\"wpb_column pos-top pos-center align_left column_parent col-lg-12 single-internal-gutter\"><div class=\"uncol style-light\"  ><div class=\"uncoltable\"><div class=\"uncell no-block-padding\" ><div class=\"uncont\" ><div class=\"vc_custom_heading_wrap \"><div class=\"heading-text el-text\" ><h2 class=\"h2\" ><span><\/p><\/span><span><h2 style=\"text-align: center;\">Av\u00eds legal<\/h2><\/span><span><p><\/span><\/h2><\/div><div class=\"clear\"><\/div><\/div><div class=\"uncode_text_column\" ><p><strong>LLEI DELS SERVEIS DE LA SOCIETAT DE LA INFORMACI\u00d3 (LSSI)<\/strong><\/p>\n<\/div><\/div><\/div><\/div><\/div><\/div><script id=\"script-row-unique-0\" data-row=\"script-row-unique-0\" type=\"text\/javascript\" class=\"vc_controls\">UNCODE.initRow(document.getElementById(\"row-unique-0\"));<\/script><\/div><\/div><\/div><div data-parent=\"true\" class=\"vc_row row-container\" id=\"row-unique-1\"><div class=\"row single-top-padding double-bottom-padding single-h-padding limit-width row-parent\"><div class=\"wpb_row row-inner\"><div class=\"wpb_column pos-top pos-center align_left column_parent col-lg-12 single-internal-gutter\"><div class=\"uncol style-light\"  ><div class=\"uncoltable\"><div class=\"uncell no-block-padding\" ><div class=\"uncont\" ><div class=\"uncode_text_column\" ><p>Aquest av\u00eds legal regula l&#8217;\u00fas del lloc web <a href=\"http:\/\/www.exemple.com\/\" target=\"_new\" rel=\"noreferrer noopener\">www.dseaudio.com<\/a>, propietat de DSE AUDIO SCP, amb CIF J64753056 i domicili a Pineda de Mar.<\/p>\n<\/div><div class=\"vc_custom_heading_wrap \"><div class=\"heading-text el-text\" ><\/p>\n<h3>Acceptaci\u00f3 de les Condicions d&#8217;\u00das<\/h3>\n<p>\n<\/div><div class=\"clear\"><\/div><\/div><div class=\"uncode_text_column\" ><p>L&#8217;acc\u00e9s i la navegaci\u00f3 per aquest lloc web, aix\u00ed com la utilitzaci\u00f3 dels seus serveis, impliquen l&#8217;acceptaci\u00f3 plena i sense reserves de totes les condicions incloses en aquest av\u00eds legal. Si no est\u00e0s d&#8217;acord amb alguna de les condicions, no has d&#8217;utilitzar aquest lloc web.<\/p>\n<\/div><div class=\"vc_custom_heading_wrap \"><div class=\"heading-text el-text\" ><\/p>\n<h3>Propietat Intel\u00b7lectual i Industrial<\/h3>\n<p>\n<\/div><div class=\"clear\"><\/div><\/div><div class=\"uncode_text_column\" ><p>Els continguts d&#8217;aquest lloc web, incloent-hi, entre d&#8217;altres, imatges, logotips, gr\u00e0fics, animacions, textos o aplicacions inform\u00e0tiques, sigui quin sigui el seu format, llenguatge de programaci\u00f3 i forma de representaci\u00f3, aix\u00ed com el domini <a href=\"http:\/\/www.exemple.com\/\" target=\"_new\" rel=\"noreferrer noopener\">www.dseaudio.com<\/a>, s\u00f3n propietat de DSE AUDIO SCP o ha adquirit els drets corresponents dels seus propietaris, i estan protegits per les lleis i tractats internacionals en mat\u00e8ria de propietat intel\u00b7lectual i, si escau, industrial, aix\u00ed com per la normativa que regula els noms de domini.<\/p>\n<p>Queda prohibida qualsevol forma de reproducci\u00f3, distribuci\u00f3, comunicaci\u00f3 p\u00fablica, transformaci\u00f3, posada a disposici\u00f3 del p\u00fablic o qualsevol altre acte d&#8217;explotaci\u00f3 no autoritzat expressament pel titular dels drets d&#8217;explotaci\u00f3.<\/p>\n<\/div><div class=\"vc_custom_heading_wrap \"><div class=\"heading-text el-text\" ><\/p>\n<h3>Condicions d&#8217;\u00das del Lloc Web<\/h3>\n<p>\n<\/div><div class=\"clear\"><\/div><\/div><div class=\"uncode_text_column\" ><\/p>\n<ol>\n<li><strong>\u00das Adequat<\/strong>: L&#8217;usuari es compromet a utilitzar el lloc web, els continguts i serveis d&#8217;acord amb la Llei, aquest av\u00eds legal, les bones pr\u00e0ctiques i l&#8217;ordre p\u00fablic. L&#8217;usuari s&#8217;abstindr\u00e0 d&#8217;utilitzar qualsevol dels serveis amb finalitats o efectes il\u00b7l\u00edcits, prohibits o lesius dels drets i interessos de tercers.<\/li>\n<li><strong>Veracitat de les Informacions<\/strong>: L&#8217;usuari garanteix l&#8217;autenticitat i veracitat de totes les dades que comuniqui a trav\u00e9s dels formularis que s&#8217;incorporen al lloc web i \u00e9s responsable d&#8217;actualitzar la informaci\u00f3 subministrada, de manera que reflecteixi la seva situaci\u00f3 real. L&#8217;usuari ser\u00e0 responsable de les manifestacions falses o inexactes que realitzi i dels perjudicis que causi al titular del lloc web o a tercers per la informaci\u00f3 que proporcioni.<\/li>\n<li><strong>Prohibici\u00f3 d&#8217;Usos Lesius<\/strong>: L&#8217;usuari es compromet a no introduir programes, virus, macros, applets, controls ActiveX o qualsevol altre dispositiu l\u00f2gic o seq\u00fc\u00e8ncia de car\u00e0cters que causin o siguin susceptibles de causar qualsevol tipus d&#8217;alteraci\u00f3 en els sistemes inform\u00e0tics del titular del lloc web o de tercers.<\/li>\n<\/ol>\n<p>\n<\/div><div class=\"vc_custom_heading_wrap \"><div class=\"heading-text el-text\" ><\/p>\n<h3>Responsabilitat<\/h3>\n<p>\n<\/div><div class=\"clear\"><\/div><\/div><div class=\"uncode_text_column\" ><p>DSE audio no es fa responsable dels danys o perjudicis derivats de l&#8217;acc\u00e9s, \u00fas o mala utilitzaci\u00f3 dels continguts del lloc web. Tot i que es prenen mesures adequades per evitar errors i possibles danys, no es garanteix la disponibilitat ininterrompuda del lloc web, ni la inexist\u00e8ncia d&#8217;errors en els continguts.<\/p>\n<\/div><div class=\"vc_custom_heading_wrap \"><div class=\"heading-text el-text\" ><\/p>\n<h3>Enlla\u00e7os a Tercers<\/h3>\n<p>\n<\/div><div class=\"clear\"><\/div><\/div><div class=\"uncode_text_column\" ><p>Aquest lloc web pot contenir enlla\u00e7os a altres llocs web gestionats per tercers. DSE audio no controla ni exerceix cap tipus de supervisi\u00f3 sobre aquests llocs i no \u00e9s responsable dels seus continguts ni de les mesures de privacitat que adoptin.<\/p>\n<\/div><div class=\"vc_custom_heading_wrap \"><div class=\"heading-text el-text\" ><\/p>\n<h3>Protecci\u00f3 de Dades Personals<\/h3>\n<p>\n<\/div><div class=\"clear\"><\/div><\/div><div class=\"uncode_text_column\" ><p>Les dades personals recollides a trav\u00e9s d&#8217;aquest lloc web seran tractades d&#8217;acord amb la nostra pol\u00edtica de privacitat, que pots consultar <a href=\"https:\/\/dseaudio.com\/politica-de-privacitat\/\">aqu\u00ed<\/a>.<\/p>\n<\/div><div class=\"vc_custom_heading_wrap \"><div class=\"heading-text el-text\" ><\/p>\n<h3>Legislaci\u00f3 i Jurisdicci\u00f3 Aplicable<\/h3>\n<p>\n<\/div><div class=\"clear\"><\/div><\/div><div class=\"uncode_text_column\" ><p>Les condicions d&#8217;aquest av\u00eds legal es regeixen per la legislaci\u00f3 espanyola. Per a la resoluci\u00f3 de qualsevol conflicte que pogu\u00e9s sorgir amb motiu de l&#8217;acc\u00e9s al lloc web, l&#8217;usuari i DSE audio acorden sotmetre&#8217;s expressament als jutjats i tribunals, amb ren\u00fancia a qualsevol altre fur general o especial que els pogu\u00e9s correspondre.<\/p>\n<\/div><\/div><\/div><\/div><\/div><\/div><script id=\"script-row-unique-1\" data-row=\"script-row-unique-1\" type=\"text\/javascript\" class=\"vc_controls\">UNCODE.initRow(document.getElementById(\"row-unique-1\"));<\/script><\/div><\/div><\/div>\n<\/div>","protected":false},"excerpt":{"rendered":"Av\u00eds legalLLEI DELS SERVEIS DE LA SOCIETAT DE LA INFORMACI\u00d3 (LSSI) Aquest av\u00eds legal regula l&#8217;\u00fas del lloc web www.dseaudio.com, [...]","protected":false},"author":3,"featured_media":0,"parent":0,"menu_order":0,"comment_status":"closed","ping_status":"closed","template":"","meta":{"footnotes":""},"class_list":["post-131656","page","type-page","status-publish","hentry","page_category-dseaudio"],"_links":{"self":[{"href":"https:\/\/dseaudio.com\/ca\/wp-json\/wp\/v2\/pages\/131656","targetHints":{"allow":["GET"]}}],"collection":[{"href":"https:\/\/dseaudio.com\/ca\/wp-json\/wp\/v2\/pages"}],"about":[{"href":"https:\/\/dseaudio.com\/ca\/wp-json\/wp\/v2\/types\/page"}],"author":[{"embeddable":true,"href":"https:\/\/dseaudio.com\/ca\/wp-json\/wp\/v2\/users\/3"}],"replies":[{"embeddable":true,"href":"https:\/\/dseaudio.com\/ca\/wp-json\/wp\/v2\/comments?post=131656"}],"version-history":[{"count":7,"href":"https:\/\/dseaudio.com\/ca\/wp-json\/wp\/v2\/pages\/131656\/revisions"}],"predecessor-version":[{"id":131667,"href":"https:\/\/dseaudio.com\/ca\/wp-json\/wp\/v2\/pages\/131656\/revisions\/131667"}],"wp:attachment":[{"href":"https:\/\/dseaudio.com\/ca\/wp-json\/wp\/v2\/media?parent=131656"}],"curies":[{"name":"wp","href":"https:\/\/api.w.org\/{rel}","templated":true}]}}