{"id":131603,"date":"2024-05-24T09:42:50","date_gmt":"2024-05-24T08:42:50","guid":{"rendered":"https:\/\/dseaudio.com\/?page_id=131603"},"modified":"2024-05-24T11:52:35","modified_gmt":"2024-05-24T10:52:35","slug":"politica-de-cookies","status":"publish","type":"page","link":"https:\/\/dseaudio.com\/ca\/politica-de-cookies\/","title":{"rendered":"Pol\u00edtica de cookies"},"content":{"rendered":"<div class=\"wpb-content-wrapper\"><div data-parent=\"true\" class=\"vc_row row-container\" id=\"row-unique-0\"><div class=\"row single-top-padding one-bottom-padding single-h-padding limit-width row-parent\"><div class=\"wpb_row row-inner\"><div class=\"wpb_column pos-top pos-center align_left column_parent col-lg-12 single-internal-gutter\"><div class=\"uncol style-light\"  ><div class=\"uncoltable\"><div class=\"uncell no-block-padding\" ><div class=\"uncont\" ><div class=\"vc_custom_heading_wrap \"><div class=\"heading-text el-text\" ><h2 class=\"h2\" ><span><\/p><\/span><span><h2 style=\"text-align: center;\">Pol\u00edtica de cookies<\/h2><\/span><span><p><\/span><\/h2><\/div><div class=\"clear\"><\/div><\/div><\/div><\/div><\/div><\/div><\/div><script id=\"script-row-unique-0\" data-row=\"script-row-unique-0\" type=\"text\/javascript\" class=\"vc_controls\">UNCODE.initRow(document.getElementById(\"row-unique-0\"));<\/script><\/div><\/div><\/div><div data-parent=\"true\" class=\"vc_row row-container\" id=\"row-unique-1\"><div class=\"row single-top-padding double-bottom-padding single-h-padding limit-width row-parent\"><div class=\"wpb_row row-inner\"><div class=\"wpb_column pos-top pos-center align_left column_parent col-lg-12 single-internal-gutter\"><div class=\"uncol style-light\"  ><div class=\"uncoltable\"><div class=\"uncell no-block-padding\" ><div class=\"uncont\" ><div class=\"uncode_text_column\" ><p>A causa de l&#8217;entrada en vigor de la modificaci\u00f3 referent de la Llei de Serveis de la Societat de la Informaci\u00f3 (LSSICE) establerta pel Reial Decret 13\/2012, \u00e9s d&#8217;obligaci\u00f3 obtenir el consentiment expr\u00e9s de l&#8217;usuari de totes les p\u00e0gines web que usen cookies prescindibles, abans que aquest navegui per elles.<\/p>\n<\/div><div class=\"vc_custom_heading_wrap \"><div class=\"heading-text el-text\" ><\/p>\n<h3>Qu\u00e8 s\u00f3n les Cookies?<\/h3>\n<p>\n<\/div><div class=\"clear\"><\/div><\/div><div class=\"uncode_text_column\" ><p>Les cookies s\u00f3n petits fitxers de text que s&#8217;emmagatzemen al teu dispositiu (ordinador, tauleta, tel\u00e8fon intel\u00b7ligent) quan visites un lloc web. Les cookies permeten que un lloc web recordi les teves accions i prefer\u00e8ncies (com ara l&#8217;inici de sessi\u00f3, l&#8217;idioma, la mida de la font i altres prefer\u00e8ncies de visualitzaci\u00f3) durant un per\u00edode de temps, de manera que no hagis de tornar a configurar-les cada vegada que tornis al lloc o naveguis d&#8217;una p\u00e0gina a una altra.<\/p>\n<\/div><div class=\"vc_custom_heading_wrap \"><div class=\"heading-text el-text\" ><\/p>\n<h3>Tipus de Cookies que Utilitzem<\/h3>\n<p>\n<\/div><div class=\"clear\"><\/div><\/div><div class=\"uncode_text_column\" ><\/p>\n<ol>\n<li><strong>Cookies Essencials<\/strong>: S\u00f3n necess\u00e0ries per al funcionament del lloc web i no es poden desactivar als nostres sistemes. Aquestes cookies solen configurar-se en resposta a accions realitzades per tu, com establir les teves prefer\u00e8ncies de privacitat, iniciar sessi\u00f3 o emplenar formularis.<\/li>\n<li><strong>Cookies de Rendiment<\/strong>: Ens permeten comptar les visites i fonts de tr\u00e0nsit per poder mesurar i millorar el rendiment del nostre lloc. Ens ajuden a saber quines p\u00e0gines s\u00f3n les m\u00e9s i menys populars i com els visitants es mouen pel lloc.<\/li>\n<li><strong>Cookies Funcionals<\/strong>: Aquestes cookies permeten que el lloc web proporcioni una millor funcionalitat i personalitzaci\u00f3. Poden ser establertes per nosaltres o per prove\u00efdors externs els serveis dels quals hem afegit a les nostres p\u00e0gines.<\/li>\n<li><strong>Cookies de Publicitat<\/strong>: Aquestes cookies poden ser establertes a trav\u00e9s del nostre lloc pels nostres socis publicitaris. Poden ser utilitzades per aquestes empreses per crear un perfil dels teus interessos i mostrar-te anuncis rellevants en altres llocs.<\/li>\n<\/ol>\n<p>\n<\/div><div class=\"vc_custom_heading_wrap \"><div class=\"heading-text el-text\" ><\/p>\n<h3>Com Gestionar les Cookies?<\/h3>\n<p>\n<\/div><div class=\"clear\"><\/div><\/div><div class=\"uncode_text_column\" ><p>Tens dret a decidir si acceptes o rebutges les cookies. Pots exercir les teves prefer\u00e8ncies en relaci\u00f3 amb les cookies configurant les opcions del teu navegador. A continuaci\u00f3 s&#8217;indiquen enlla\u00e7os a les p\u00e0gines d&#8217;ajuda dels navegadors m\u00e9s populars, on s&#8217;explica com gestionar cookies:<\/p>\n<ul>\n<li><a target=\"_new\" rel=\"noreferrer noopener\">Google Chrome<\/a><\/li>\n<li><a href=\"https:\/\/support.mozilla.org\/ca\/kb\/Galetes-informacio-que-els-llocs-web-emmagatzemen-al-teu-ordinador\" target=\"_new\" rel=\"noreferrer noopener\">Mozilla Firefox<\/a><\/li>\n<li><a href=\"https:\/\/support.apple.com\/ca-es\/guide\/safari\/sfri11471\/mac\" target=\"_new\" rel=\"noreferrer noopener\">Safari<\/a><\/li>\n<li><a href=\"https:\/\/support.microsoft.com\/ca-es\/microsoft-edge\/borrar-les-cookies-en-microsoft-edge-63947406-40ac-c3b8-57b9-2a946a29ae09\" target=\"_new\" rel=\"noreferrer noopener\">Microsoft Edge<\/a><\/li>\n<\/ul>\n<p>\n<\/div><div class=\"vc_custom_heading_wrap \"><div class=\"heading-text el-text\" ><\/p>\n<h3>Canvis a aquesta Pol\u00edtica de Cookies<\/h3>\n<p>\n<\/div><div class=\"clear\"><\/div><\/div><div class=\"uncode_text_column\" ><p>Podem actualitzar la nostra pol\u00edtica de cookies de tant en tant per reflectir canvis en les nostres pr\u00e0ctiques o per altres raons operatives, legals o reglament\u00e0ries. Et recomanem que revisis aquesta pol\u00edtica peri\u00f2dicament per estar informat sobre el nostre \u00fas de cookies i tecnologies relacionades.<\/p>\n<\/div><\/div><\/div><\/div><\/div><\/div><script id=\"script-row-unique-1\" data-row=\"script-row-unique-1\" type=\"text\/javascript\" class=\"vc_controls\">UNCODE.initRow(document.getElementById(\"row-unique-1\"));<\/script><\/div><\/div><\/div>\n<\/div>","protected":false},"excerpt":{"rendered":"Pol\u00edtica de cookiesA causa de l&#8217;entrada en vigor de la modificaci\u00f3 referent de la Llei de Serveis de la Societat [...]","protected":false},"author":3,"featured_media":0,"parent":0,"menu_order":0,"comment_status":"closed","ping_status":"closed","template":"","meta":{"footnotes":""},"class_list":["post-131603","page","type-page","status-publish","hentry","page_category-dseaudio"],"_links":{"self":[{"href":"https:\/\/dseaudio.com\/ca\/wp-json\/wp\/v2\/pages\/131603","targetHints":{"allow":["GET"]}}],"collection":[{"href":"https:\/\/dseaudio.com\/ca\/wp-json\/wp\/v2\/pages"}],"about":[{"href":"https:\/\/dseaudio.com\/ca\/wp-json\/wp\/v2\/types\/page"}],"author":[{"embeddable":true,"href":"https:\/\/dseaudio.com\/ca\/wp-json\/wp\/v2\/users\/3"}],"replies":[{"embeddable":true,"href":"https:\/\/dseaudio.com\/ca\/wp-json\/wp\/v2\/comments?post=131603"}],"version-history":[{"count":23,"href":"https:\/\/dseaudio.com\/ca\/wp-json\/wp\/v2\/pages\/131603\/revisions"}],"predecessor-version":[{"id":131668,"href":"https:\/\/dseaudio.com\/ca\/wp-json\/wp\/v2\/pages\/131603\/revisions\/131668"}],"wp:attachment":[{"href":"https:\/\/dseaudio.com\/ca\/wp-json\/wp\/v2\/media?parent=131603"}],"curies":[{"name":"wp","href":"https:\/\/api.w.org\/{rel}","templated":true}]}}